{"id":35,"date":"2020-10-17T13:53:10","date_gmt":"2020-10-17T13:53:10","guid":{"rendered":"https:\/\/sororis.org\/?page_id=35"},"modified":"2021-09-10T08:46:00","modified_gmt":"2021-09-10T08:46:00","slug":"ueber-uns","status":"publish","type":"page","link":"https:\/\/sororis.org\/?page_id=35","title":{"rendered":"Infos"},"content":{"rendered":"\t\t<div data-elementor-type=\"wp-page\" data-elementor-id=\"35\" class=\"elementor elementor-35\" data-elementor-settings=\"[]\">\n\t\t\t\t\t\t<div class=\"elementor-inner\">\n\t\t\t\t\t\t\t<div class=\"elementor-section-wrap\">\n\t\t\t\t\t\t\t<section class=\"elementor-section elementor-top-section elementor-element elementor-element-42970d6 elementor-section-boxed elementor-section-height-default elementor-section-height-default\" data-id=\"42970d6\" data-element_type=\"section\" data-settings=\"{&quot;background_background&quot;:&quot;classic&quot;}\">\n\t\t\t\t\t\t<div class=\"elementor-container elementor-column-gap-default\">\n\t\t\t\t\t\t\t<div class=\"elementor-row\">\n\t\t\t\t\t<div class=\"elementor-column elementor-col-50 elementor-top-column elementor-element elementor-element-34146529\" data-id=\"34146529\" data-element_type=\"column\">\n\t\t\t<div class=\"elementor-column-wrap elementor-element-populated\">\n\t\t\t\t\t\t\t<div class=\"elementor-widget-wrap\">\n\t\t\t\t\t\t<div class=\"elementor-element elementor-element-262f9804 elementor-invisible elementor-widget elementor-widget-heading\" data-id=\"262f9804\" data-element_type=\"widget\" data-settings=\"{&quot;_animation&quot;:&quot;fadeInUp&quot;,&quot;_animation_tablet&quot;:&quot;fadeIn&quot;}\" data-widget_type=\"heading.default\">\n\t\t\t\t<div class=\"elementor-widget-container\">\n\t\t\t<h2 class=\"elementor-heading-title elementor-size-default\">Unsere Mission<\/h2>\t\t<\/div>\n\t\t\t\t<\/div>\n\t\t\t\t<div class=\"elementor-element elementor-element-696c31ce elementor-invisible elementor-widget elementor-widget-text-editor\" data-id=\"696c31ce\" data-element_type=\"widget\" data-settings=\"{&quot;_animation&quot;:&quot;fadeInUp&quot;,&quot;_animation_tablet&quot;:&quot;fadeIn&quot;}\" data-widget_type=\"text-editor.default\">\n\t\t\t\t<div class=\"elementor-widget-container\">\n\t\t\t\t\t<div class=\"elementor-text-editor elementor-clearfix\"><p>Wir m\u00f6chten als Selbstbetroffene und Angeh\u00f6rige, mit den bestehenden Organisationen, Betroffene mit Erfahrung und aktuellen Kenntnissen unterst\u00fctzen.<\/p>\n<h3>Krebs haben eben nicht nur die Anderen.<\/h3>\n<p>Wir von Sororis Schweiz w\u00fcnschen uns allen betroffenen Frauen Antworten auf die dr\u00e4ngendsten Fragen zu geben. Vor allem aber gibt sie Frauen das Wort; Frauen mit Brustkrebs, Frauen mit metastasiertem Brustkrebs, Frauen mit Freundinnen die an Brustkrebs erkrankt sind, M\u00fcttern, T\u00f6chtern, Enkelinnen, Schwestern erz\u00e4hlen \u2013 die Anderen. Wir, Du, Ich<\/p><\/div>\n\t\t\t\t<\/div>\n\t\t\t\t<\/div>\n\t\t\t\t\t\t<\/div>\n\t\t\t\t\t<\/div>\n\t\t<\/div>\n\t\t\t\t<div class=\"elementor-column elementor-col-50 elementor-top-column elementor-element elementor-element-596ddab7 elementor-invisible\" data-id=\"596ddab7\" data-element_type=\"column\" data-settings=\"{&quot;animation&quot;:&quot;none&quot;}\">\n\t\t\t<div class=\"elementor-column-wrap elementor-element-populated\">\n\t\t\t\t\t\t\t<div class=\"elementor-widget-wrap\">\n\t\t\t\t\t\t<div class=\"elementor-element elementor-element-2720b482 elementor-widget elementor-widget-image\" data-id=\"2720b482\" data-element_type=\"widget\" data-widget_type=\"image.default\">\n\t\t\t\t<div class=\"elementor-widget-container\">\n\t\t\t\t\t<div class=\"elementor-image\">\n\t\t\t\t\t\t\t\t\t\t<img src=\"https:\/\/sororis.org\/wp-content\/uploads\/elementor\/thumbs\/SOR_vision-ox6vaugem40ysl1lxjc8az741rfn6u9ak2buje04ry.jpg\" title=\"SOR_vision\" alt=\"SOR_vision\" \/>\t\t\t\t\t\t\t\t\t\t\t<\/div>\n\t\t\t\t<\/div>\n\t\t\t\t<\/div>\n\t\t\t\t\t\t<\/div>\n\t\t\t\t\t<\/div>\n\t\t<\/div>\n\t\t\t\t\t\t\t\t<\/div>\n\t\t\t\t\t<\/div>\n\t\t<\/section>\n\t\t\t\t\t\t<\/div>\n\t\t\t\t\t\t<\/div>\n\t\t\t\t\t<\/div>\n\t\t","protected":false},"excerpt":{"rendered":"<p>Unsere Mission Wir m\u00f6chten als Selbstbetroffene und Angeh\u00f6rige, mit den bestehenden Organisationen, Betroffene mit Erfahrung und aktuellen Kenntnissen unterst\u00fctzen. Krebs haben eben nicht nur die Anderen. Wir von Sororis Schweiz w\u00fcnschen uns allen betroffenen Frauen Antworten auf die dr\u00e4ngendsten Fragen zu geben. Vor allem aber gibt sie Frauen das Wort; Frauen mit Brustkrebs, Frauen mit [&hellip;]<\/p>\n","protected":false},"author":1,"featured_media":0,"parent":0,"menu_order":0,"comment_status":"closed","ping_status":"closed","template":"","meta":[],"_links":{"self":[{"href":"https:\/\/sororis.org\/index.php?rest_route=\/wp\/v2\/pages\/35"}],"collection":[{"href":"https:\/\/sororis.org\/index.php?rest_route=\/wp\/v2\/pages"}],"about":[{"href":"https:\/\/sororis.org\/index.php?rest_route=\/wp\/v2\/types\/page"}],"author":[{"embeddable":true,"href":"https:\/\/sororis.org\/index.php?rest_route=\/wp\/v2\/users\/1"}],"replies":[{"embeddable":true,"href":"https:\/\/sororis.org\/index.php?rest_route=%2Fwp%2Fv2%2Fcomments&post=35"}],"version-history":[{"count":6,"href":"https:\/\/sororis.org\/index.php?rest_route=\/wp\/v2\/pages\/35\/revisions"}],"predecessor-version":[{"id":251,"href":"https:\/\/sororis.org\/index.php?rest_route=\/wp\/v2\/pages\/35\/revisions\/251"}],"wp:attachment":[{"href":"https:\/\/sororis.org\/index.php?rest_route=%2Fwp%2Fv2%2Fmedia&parent=35"}],"curies":[{"name":"wp","href":"https:\/\/api.w.org\/{rel}","templated":true}]}}