{"id":114,"date":"2020-10-24T13:20:23","date_gmt":"2020-10-24T13:20:23","guid":{"rendered":"https:\/\/sororis.org\/?page_id=114"},"modified":"2021-09-10T08:47:30","modified_gmt":"2021-09-10T08:47:30","slug":"dearmama","status":"publish","type":"page","link":"https:\/\/sororis.org\/?page_id=114","title":{"rendered":"DearMama"},"content":{"rendered":"\t\t<div data-elementor-type=\"wp-page\" data-elementor-id=\"114\" class=\"elementor elementor-114\" data-elementor-settings=\"[]\">\n\t\t\t\t\t\t<div class=\"elementor-inner\">\n\t\t\t\t\t\t\t<div class=\"elementor-section-wrap\">\n\t\t\t\t\t\t\t<section class=\"elementor-section elementor-top-section elementor-element elementor-element-7b5fdc3a elementor-section-boxed elementor-section-height-default elementor-section-height-default\" data-id=\"7b5fdc3a\" data-element_type=\"section\" data-settings=\"{&quot;background_background&quot;:&quot;classic&quot;}\">\n\t\t\t\t\t\t<div class=\"elementor-container elementor-column-gap-default\">\n\t\t\t\t\t\t\t<div class=\"elementor-row\">\n\t\t\t\t\t<div class=\"elementor-column elementor-col-50 elementor-top-column elementor-element elementor-element-3ada84cd elementor-invisible\" data-id=\"3ada84cd\" data-element_type=\"column\" data-settings=\"{&quot;animation&quot;:&quot;fadeInUp&quot;,&quot;animation_tablet&quot;:&quot;fadeIn&quot;}\">\n\t\t\t<div class=\"elementor-column-wrap elementor-element-populated\">\n\t\t\t\t\t\t\t<div class=\"elementor-widget-wrap\">\n\t\t\t\t\t\t<div class=\"elementor-element elementor-element-73f3300f elementor-widget elementor-widget-image\" data-id=\"73f3300f\" data-element_type=\"widget\" data-widget_type=\"image.default\">\n\t\t\t\t<div class=\"elementor-widget-container\">\n\t\t\t\t\t<div class=\"elementor-image\">\n\t\t\t\t\t\t\t\t\t\t\t<a href=\"https:\/\/apps.apple.com\/de\/app\/dearmamma\/id1453393273\" target=\"_blank\">\n\t\t\t\t\t\t\t<img width=\"647\" height=\"647\" src=\"https:\/\/sororis.org\/wp-content\/uploads\/2020\/10\/Bildmarke_DearMamma_rgb.png\" class=\"attachment-full size-full\" alt=\"\" loading=\"lazy\" srcset=\"https:\/\/sororis.org\/wp-content\/uploads\/2020\/10\/Bildmarke_DearMamma_rgb.png 647w, https:\/\/sororis.org\/wp-content\/uploads\/2020\/10\/Bildmarke_DearMamma_rgb-300x300.png 300w, https:\/\/sororis.org\/wp-content\/uploads\/2020\/10\/Bildmarke_DearMamma_rgb-150x150.png 150w\" sizes=\"(max-width: 647px) 100vw, 647px\" \/>\t\t\t\t\t\t\t\t<\/a>\n\t\t\t\t\t\t\t\t\t\t\t<\/div>\n\t\t\t\t<\/div>\n\t\t\t\t<\/div>\n\t\t\t\t\t\t<\/div>\n\t\t\t\t\t<\/div>\n\t\t<\/div>\n\t\t\t\t<div class=\"elementor-column elementor-col-50 elementor-top-column elementor-element elementor-element-3412b073\" data-id=\"3412b073\" data-element_type=\"column\">\n\t\t\t<div class=\"elementor-column-wrap elementor-element-populated\">\n\t\t\t\t\t\t\t<div class=\"elementor-widget-wrap\">\n\t\t\t\t\t\t<div class=\"elementor-element elementor-element-69d30d59 elementor-invisible elementor-widget elementor-widget-heading\" data-id=\"69d30d59\" data-element_type=\"widget\" data-settings=\"{&quot;_animation&quot;:&quot;fadeInUp&quot;,&quot;_animation_tablet&quot;:&quot;fadeIn&quot;}\" data-widget_type=\"heading.default\">\n\t\t\t\t<div class=\"elementor-widget-container\">\n\t\t\t<h2 class=\"elementor-heading-title elementor-size-default\">DearMamma App<\/h2>\t\t<\/div>\n\t\t\t\t<\/div>\n\t\t\t\t<div class=\"elementor-element elementor-element-5dd901ee elementor-invisible elementor-widget elementor-widget-text-editor\" data-id=\"5dd901ee\" data-element_type=\"widget\" data-settings=\"{&quot;_animation&quot;:&quot;fadeInUp&quot;,&quot;_animation_tablet&quot;:&quot;fadeIn&quot;}\" data-widget_type=\"text-editor.default\">\n\t\t\t\t<div class=\"elementor-widget-container\">\n\t\t\t\t\t<div class=\"elementor-text-editor elementor-clearfix\"><p><em>Brustkrebs ist eine h\u00e4ufige Erkrankung. 2012 erhielten 1,7 Millionen Frauen weltweit die Diagnose. Die gute Nachricht: Brustkrebs kann behandelt werden. Je fr\u00fcher eine Brustkrebserkrankung erkannt wird, umso besser sind die Behandlungsm\u00f6glichkeiten.<\/em><\/p><p><em>Aber wie l\u00e4sst sich Brustkrebs fr\u00fch erkennen? Die App DearMamma zeigt Ihnen, wie Sie sich regelm\u00e4\u00dfig selbst untersuchen k\u00f6nnen. Worauf sollten Sie dabei achten? Wie oft sollten Sie sich selbst abtasten?<\/em><\/p><p><em>Die App f\u00fchrt in die regelm\u00e4\u00dfige Selbstabtastung ein \u2013 einer der einfachsten und wirkungsvollsten M\u00f6glichkeiten, die wir haben. Lernen Sie Ihren K\u00f6rper kennen und probieren Sie es aus!<\/em><\/p><p><em>Und das Beste: Die App funktioniert auch f\u00fcr Frauen, die nicht lesen k\u00f6nnen. Die App beinhaltet viele Filme und Bilder, um die Informationen f\u00fcr Sie so anschaulich wie m\u00f6glich zu gestalten.<\/em><\/p><p><em>Die App gibt Ihnen Hinweise, wie Sie reagieren k\u00f6nnen, wenn Sie Auff\u00e4lligkeiten entdecken. Das Wichtigste ist, erst einmal Ruhe zu bewahren. Die meisten Ver\u00e4nderungen sind nicht b\u00f6sartig. Aber Sie sollten nicht z\u00f6gern Hilfe zu suchen, wenn Sie sie wirklich ben\u00f6tigen. Tabus und vor allem Scham bringen uns nicht weiter, wenn wir \u00fcber unseren K\u00f6rper oder \u00fcber Brustkrebs sprechen. Wenn Sie mit Brustkrebs leben m\u00fcssen, verdienen Sie Respekt und Unterst\u00fctzung.<\/em><\/p><p><em>DearMamma liefert Ihnen grundlegendes Wissen \u00fcber Brustkrebs und seine Behandlung. Sie finden verl\u00e4ssliche Informationen, die einfach zu verstehen sind.<\/em><\/p><p><em>Bitte beachten Sie, dass Sie 18 Jahre oder \u00e4lter sein m\u00fcssen, um die App zu nutzen, da die Inhalte nicht f\u00fcr Kinder und Jugendliche geeignet sind. Die App enth\u00e4lt detaillierte medizinische Informationen mit Abbildungen des K\u00f6rpers und der nackten weiblichen Brust. Seien Sie sich dessen bewusst, falls diese Aufnahmen Sie irritieren k\u00f6nnten.<\/em><\/p><p><em>Die App k\u00f6nnen Sie im AppStore direkt herunterladen:<\/em><\/p><\/div>\n\t\t\t\t<\/div>\n\t\t\t\t<\/div>\n\t\t\t\t<div class=\"elementor-element elementor-element-346da494 elementor-shape-square elementor-grid-0 elementor-invisible elementor-widget elementor-widget-social-icons\" data-id=\"346da494\" data-element_type=\"widget\" data-settings=\"{&quot;_animation&quot;:&quot;fadeInUp&quot;}\" data-widget_type=\"social-icons.default\">\n\t\t\t\t<div class=\"elementor-widget-container\">\n\t\t\t\t\t<div class=\"elementor-social-icons-wrapper elementor-grid\">\n\t\t\t\t\t\t\t<div class=\"elementor-grid-item\">\n\t\t\t\t\t<a class=\"elementor-icon elementor-social-icon elementor-social-icon-apple elementor-animation-push elementor-repeater-item-0e35850\" href=\"https:\/\/apps.apple.com\/de\/app\/dearmamma\/id1453393273\" target=\"_blank\">\n\t\t\t\t\t\t<span class=\"elementor-screen-only\">Apple<\/span>\n\t\t\t\t\t\t<i class=\"fab fa-apple\"><\/i>\t\t\t\t\t<\/a>\n\t\t\t\t<\/div>\n\t\t\t\t\t<\/div>\n\t\t\t\t<\/div>\n\t\t\t\t<\/div>\n\t\t\t\t\t\t<\/div>\n\t\t\t\t\t<\/div>\n\t\t<\/div>\n\t\t\t\t\t\t\t\t<\/div>\n\t\t\t\t\t<\/div>\n\t\t<\/section>\n\t\t\t\t\t\t<\/div>\n\t\t\t\t\t\t<\/div>\n\t\t\t\t\t<\/div>\n\t\t","protected":false},"excerpt":{"rendered":"<p>DearMamma App Brustkrebs ist eine h\u00e4ufige Erkrankung. 2012 erhielten 1,7 Millionen Frauen weltweit die Diagnose. Die gute Nachricht: Brustkrebs kann behandelt werden. Je fr\u00fcher eine Brustkrebserkrankung erkannt wird, umso besser sind die Behandlungsm\u00f6glichkeiten. Aber wie l\u00e4sst sich Brustkrebs fr\u00fch erkennen? Die App DearMamma zeigt Ihnen, wie Sie sich regelm\u00e4\u00dfig selbst untersuchen k\u00f6nnen. Worauf sollten Sie [&hellip;]<\/p>\n","protected":false},"author":1,"featured_media":0,"parent":0,"menu_order":0,"comment_status":"closed","ping_status":"closed","template":"","meta":[],"_links":{"self":[{"href":"https:\/\/sororis.org\/index.php?rest_route=\/wp\/v2\/pages\/114"}],"collection":[{"href":"https:\/\/sororis.org\/index.php?rest_route=\/wp\/v2\/pages"}],"about":[{"href":"https:\/\/sororis.org\/index.php?rest_route=\/wp\/v2\/types\/page"}],"author":[{"embeddable":true,"href":"https:\/\/sororis.org\/index.php?rest_route=\/wp\/v2\/users\/1"}],"replies":[{"embeddable":true,"href":"https:\/\/sororis.org\/index.php?rest_route=%2Fwp%2Fv2%2Fcomments&post=114"}],"version-history":[{"count":9,"href":"https:\/\/sororis.org\/index.php?rest_route=\/wp\/v2\/pages\/114\/revisions"}],"predecessor-version":[{"id":253,"href":"https:\/\/sororis.org\/index.php?rest_route=\/wp\/v2\/pages\/114\/revisions\/253"}],"wp:attachment":[{"href":"https:\/\/sororis.org\/index.php?rest_route=%2Fwp%2Fv2%2Fmedia&parent=114"}],"curies":[{"name":"wp","href":"https:\/\/api.w.org\/{rel}","templated":true}]}}